{"id":1045,"date":"2023-04-04T14:32:12","date_gmt":"2023-04-04T07:32:12","guid":{"rendered":"https:\/\/haitrieufood.net\/product\/frozen-yellowfin-tuna-portion\/"},"modified":"2024-08-10T08:58:02","modified_gmt":"2024-08-10T01:58:02","slug":"frozen-yellowfin-tuna-sekami","status":"publish","type":"product","link":"https:\/\/www.haitrieufood.com\/vi\/san-pham\/frozen-yellowfin-tuna-sekami\/","title":{"rendered":"Frozen Yellowfin Tuna Sekami"},"content":{"rendered":"","protected":false},"excerpt":{"rendered":"<table border=\"1\">\n<tbody>\n<tr>\n<td><strong>\u0110\u1eb7c \u0111i\u1ec3m<\/strong><\/td>\n<td>None<\/td>\n<\/tr>\n<tr>\n<td><strong>K\u00edch th\u01b0\u1edbc<\/strong><\/td>\n<td>Theo y\u00eau c\u1ea7u kh\u00e1ch h\u00e0ng<\/td>\n<\/tr>\n<tr>\n<td><strong>\u0110\u00f3ng g\u00f3i<\/strong><\/td>\n<td>IQF;<br \/>\nVP 500 gram\/bag;<br \/>\n10 kg (22 lbs)\/carton;<br \/>\nTheo y\u00eau c\u1ea7u kh\u00e1ch h\u00e0ng<\/td>\n<\/tr>\n<tr>\n<td><strong>Nh\u00e0 s\u1ea3n xu\u1ea5t<\/strong><\/td>\n<td><a href=\"https:\/\/www.haitrieufood.com\/vi\/\">Hai Trieu Food CO., LTD<\/a><\/td>\n<\/tr>\n<tr>\n<td><strong>Gi\u00e1<\/strong><\/td>\n<td><a href=\"mailto:minh@haitrieufood.com\" target=\"_blank\" rel=\"noopener\">Li\u00ean H\u1ec7<\/a><\/td>\n<\/tr>\n<\/tbody>\n<\/table>","protected":false},"featured_media":2629,"comment_status":"closed","ping_status":"closed","template":"","meta":{"_uag_custom_page_level_css":"","site-sidebar-layout":"no-sidebar","site-content-layout":"plain-container","ast-site-content-layout":"normal-width-container","site-content-style":"unboxed","site-sidebar-style":"unboxed","ast-global-header-display":"","ast-banner-title-visibility":"","ast-main-header-display":"","ast-hfb-above-header-display":"","ast-hfb-below-header-display":"","ast-hfb-mobile-header-display":"","site-post-title":"","ast-breadcrumbs-content":"","ast-featured-img":"","footer-sml-layout":"","ast-disable-related-posts":"","theme-transparent-header-meta":"enabled","adv-header-id-meta":"","stick-header-meta":"","header-above-stick-meta":"","header-main-stick-meta":"","header-below-stick-meta":"","astra-migrate-meta-layouts":"set","ast-page-background-enabled":"default","ast-page-background-meta":{"desktop":{"background-color":"var(--ast-global-color-4)","background-image":"","background-repeat":"repeat","background-position":"center center","background-size":"auto","background-attachment":"scroll","background-type":"","background-media":"","overlay-type":"","overlay-color":"","overlay-opacity":"","overlay-gradient":""},"tablet":{"background-color":"","background-image":"","background-repeat":"repeat","background-position":"center center","background-size":"auto","background-attachment":"scroll","background-type":"","background-media":"","overlay-type":"","overlay-color":"","overlay-opacity":"","overlay-gradient":""},"mobile":{"background-color":"","background-image":"","background-repeat":"repeat","background-position":"center center","background-size":"auto","background-attachment":"scroll","background-type":"","background-media":"","overlay-type":"","overlay-color":"","overlay-opacity":"","overlay-gradient":""}},"ast-content-background-meta":{"desktop":{"background-color":"var(--ast-global-color-5)","background-image":"","background-repeat":"repeat","background-position":"center center","background-size":"auto","background-attachment":"scroll","background-type":"","background-media":"","overlay-type":"","overlay-color":"","overlay-opacity":"","overlay-gradient":""},"tablet":{"background-color":"var(--ast-global-color-5)","background-image":"","background-repeat":"repeat","background-position":"center center","background-size":"auto","background-attachment":"scroll","background-type":"","background-media":"","overlay-type":"","overlay-color":"","overlay-opacity":"","overlay-gradient":""},"mobile":{"background-color":"var(--ast-global-color-5)","background-image":"","background-repeat":"repeat","background-position":"center center","background-size":"auto","background-attachment":"scroll","background-type":"","background-media":"","overlay-type":"","overlay-color":"","overlay-opacity":"","overlay-gradient":""}}},"product_brand":[],"product_cat":[31],"product_tag":[109],"class_list":{"0":"post-1045","1":"product","2":"type-product","3":"status-publish","4":"has-post-thumbnail","6":"product_cat-yellowfin-tuna","7":"product_tag-yellowfin-tuna-meat","8":"desktop-align-center","9":"tablet-align-left","10":"mobile-align-left","12":"first","13":"instock","14":"taxable","15":"shipping-taxable","16":"product-type-simple"},"uagb_featured_image_src":{"full":["https:\/\/www.haitrieufood.com\/wp-content\/uploads\/2023\/04\/frozen-yellowfin-tuna-portion-hai-trieu-food.jpg",800,600,false],"thumbnail":["https:\/\/www.haitrieufood.com\/wp-content\/uploads\/2023\/04\/frozen-yellowfin-tuna-portion-hai-trieu-food-150x150.jpg",150,150,true],"medium":["https:\/\/www.haitrieufood.com\/wp-content\/uploads\/2023\/04\/frozen-yellowfin-tuna-portion-hai-trieu-food-300x225.jpg",300,225,true],"medium_large":["https:\/\/www.haitrieufood.com\/wp-content\/uploads\/2023\/04\/frozen-yellowfin-tuna-portion-hai-trieu-food-768x576.jpg",768,576,true],"large":["https:\/\/www.haitrieufood.com\/wp-content\/uploads\/2023\/04\/frozen-yellowfin-tuna-portion-hai-trieu-food.jpg",800,600,false],"1536x1536":["https:\/\/www.haitrieufood.com\/wp-content\/uploads\/2023\/04\/frozen-yellowfin-tuna-portion-hai-trieu-food.jpg",800,600,false],"2048x2048":["https:\/\/www.haitrieufood.com\/wp-content\/uploads\/2023\/04\/frozen-yellowfin-tuna-portion-hai-trieu-food.jpg",800,600,false],"trp-custom-language-flag":["https:\/\/www.haitrieufood.com\/wp-content\/uploads\/2023\/04\/frozen-yellowfin-tuna-portion-hai-trieu-food.jpg",16,12,false],"woocommerce_thumbnail":["https:\/\/www.haitrieufood.com\/wp-content\/uploads\/2023\/04\/frozen-yellowfin-tuna-portion-hai-trieu-food-300x300.jpg",300,300,true],"woocommerce_single":["https:\/\/www.haitrieufood.com\/wp-content\/uploads\/2023\/04\/frozen-yellowfin-tuna-portion-hai-trieu-food-600x450.jpg",600,450,true],"woocommerce_gallery_thumbnail":["https:\/\/www.haitrieufood.com\/wp-content\/uploads\/2023\/04\/frozen-yellowfin-tuna-portion-hai-trieu-food-100x100.jpg",100,100,true]},"uagb_author_info":{"display_name":"admin","author_link":"https:\/\/www.haitrieufood.com\/vi\/author\/"},"uagb_comment_info":0,"uagb_excerpt":"Specifications None Size Customer Requirements Packing IQF; VP 500 gram\/bag; 10 kg (22 lbs)\/carton; Customer Requirements Manufacturer Hai Trieu Food CO., LTD Price Contact","_links":{"self":[{"href":"https:\/\/www.haitrieufood.com\/vi\/wp-json\/wp\/v2\/product\/1045","targetHints":{"allow":["GET"]}}],"collection":[{"href":"https:\/\/www.haitrieufood.com\/vi\/wp-json\/wp\/v2\/product"}],"about":[{"href":"https:\/\/www.haitrieufood.com\/vi\/wp-json\/wp\/v2\/types\/product"}],"replies":[{"embeddable":true,"href":"https:\/\/www.haitrieufood.com\/vi\/wp-json\/wp\/v2\/comments?post=1045"}],"version-history":[{"count":6,"href":"https:\/\/www.haitrieufood.com\/vi\/wp-json\/wp\/v2\/product\/1045\/revisions"}],"predecessor-version":[{"id":5925,"href":"https:\/\/www.haitrieufood.com\/vi\/wp-json\/wp\/v2\/product\/1045\/revisions\/5925"}],"wp:featuredmedia":[{"embeddable":true,"href":"https:\/\/www.haitrieufood.com\/vi\/wp-json\/wp\/v2\/media\/2629"}],"wp:attachment":[{"href":"https:\/\/www.haitrieufood.com\/vi\/wp-json\/wp\/v2\/media?parent=1045"}],"wp:term":[{"taxonomy":"product_brand","embeddable":true,"href":"https:\/\/www.haitrieufood.com\/vi\/wp-json\/wp\/v2\/product_brand?post=1045"},{"taxonomy":"product_cat","embeddable":true,"href":"https:\/\/www.haitrieufood.com\/vi\/wp-json\/wp\/v2\/product_cat?post=1045"},{"taxonomy":"product_tag","embeddable":true,"href":"https:\/\/www.haitrieufood.com\/vi\/wp-json\/wp\/v2\/product_tag?post=1045"}],"curies":[{"name":"wp","href":"https:\/\/api.w.org\/{rel}","templated":true}]}}