{"id":1061,"date":"2023-04-04T14:32:30","date_gmt":"2023-04-04T07:32:30","guid":{"rendered":"https:\/\/haitrieufood.net\/product\/oilfish-hgt\/"},"modified":"2023-04-15T12:00:47","modified_gmt":"2023-04-15T05:00:47","slug":"oilfish-hgt","status":"publish","type":"product","link":"https:\/\/www.haitrieufood.com\/vi\/san-pham\/oilfish-hgt\/","title":{"rendered":"Oilfish HGT"},"content":{"rendered":"","protected":false},"excerpt":{"rendered":"<table border=\"1\">\n<tbody>\n<tr>\n<td><strong>\u0110\u1eb7c \u0111i\u1ec3m<\/strong><\/td>\n<td>Varies based on customer requirements<\/td>\n<\/tr>\n<tr>\n<td><strong>K\u00edch th\u01b0\u1edbc<\/strong><\/td>\n<td>Theo y\u00eau c\u1ea7u kh\u00e1ch h\u00e0ng<\/td>\n<\/tr>\n<tr>\n<td><strong>\u0110\u00f3ng g\u00f3i<\/strong><\/td>\n<td>IQF; 3-6 kg \/ piece; 6-10 kg\/ piece; 10 kg up\/ piece; packing 1 pc\/bag; Customer Requirements.<\/td>\n<\/tr>\n<tr>\n<td><strong>Nh\u00e0 s\u1ea3n xu\u1ea5t<\/strong><\/td>\n<td><strong><a href=\"https:\/\/www.haitrieufood.com\/vi\/\">Hai Trieu Food CO., LTD<\/a><\/strong><\/td>\n<\/tr>\n<tr>\n<td><strong>Gi\u00e1<\/strong><\/td>\n<td><span style=\"text-decoration: underline;\"><strong><a href=\"mailto:minh@haitrieufood.com\" target=\"_blank\" rel=\"noopener\">Contact us<\/a><\/strong><\/span><\/td>\n<\/tr>\n<\/tbody>\n<\/table>","protected":false},"featured_media":2640,"comment_status":"closed","ping_status":"closed","template":"","meta":{"_uag_custom_page_level_css":"","site-sidebar-layout":"no-sidebar","site-content-layout":"plain-container","ast-site-content-layout":"default","site-content-style":"default","site-sidebar-style":"default","ast-global-header-display":"","ast-banner-title-visibility":"","ast-main-header-display":"","ast-hfb-above-header-display":"","ast-hfb-below-header-display":"","ast-hfb-mobile-header-display":"","site-post-title":"","ast-breadcrumbs-content":"","ast-featured-img":"","footer-sml-layout":"","ast-disable-related-posts":"","theme-transparent-header-meta":"enabled","adv-header-id-meta":"","stick-header-meta":"","header-above-stick-meta":"","header-main-stick-meta":"","header-below-stick-meta":"","astra-migrate-meta-layouts":"default","ast-page-background-enabled":"default","ast-page-background-meta":{"desktop":{"background-color":"var(--ast-global-color-4)","background-image":"","background-repeat":"repeat","background-position":"center center","background-size":"auto","background-attachment":"scroll","background-type":"","background-media":"","overlay-type":"","overlay-color":"","overlay-opacity":"","overlay-gradient":""},"tablet":{"background-color":"","background-image":"","background-repeat":"repeat","background-position":"center center","background-size":"auto","background-attachment":"scroll","background-type":"","background-media":"","overlay-type":"","overlay-color":"","overlay-opacity":"","overlay-gradient":""},"mobile":{"background-color":"","background-image":"","background-repeat":"repeat","background-position":"center center","background-size":"auto","background-attachment":"scroll","background-type":"","background-media":"","overlay-type":"","overlay-color":"","overlay-opacity":"","overlay-gradient":""}},"ast-content-background-meta":{"desktop":{"background-color":"var(--ast-global-color-5)","background-image":"","background-repeat":"repeat","background-position":"center center","background-size":"auto","background-attachment":"scroll","background-type":"","background-media":"","overlay-type":"","overlay-color":"","overlay-opacity":"","overlay-gradient":""},"tablet":{"background-color":"var(--ast-global-color-5)","background-image":"","background-repeat":"repeat","background-position":"center center","background-size":"auto","background-attachment":"scroll","background-type":"","background-media":"","overlay-type":"","overlay-color":"","overlay-opacity":"","overlay-gradient":""},"mobile":{"background-color":"var(--ast-global-color-5)","background-image":"","background-repeat":"repeat","background-position":"center center","background-size":"auto","background-attachment":"scroll","background-type":"","background-media":"","overlay-type":"","overlay-color":"","overlay-opacity":"","overlay-gradient":""}}},"product_brand":[],"product_cat":[35],"product_tag":[],"class_list":{"0":"post-1061","1":"product","2":"type-product","3":"status-publish","4":"has-post-thumbnail","6":"product_cat-oilfish-product","7":"desktop-align-center","8":"tablet-align-left","9":"mobile-align-left","11":"first","12":"instock","13":"taxable","14":"shipping-taxable","15":"product-type-simple"},"uagb_featured_image_src":{"full":["https:\/\/www.haitrieufood.com\/wp-content\/uploads\/2023\/04\/oilfish-hgt-hai-trieu-food-1.jpg",800,600,false],"thumbnail":["https:\/\/www.haitrieufood.com\/wp-content\/uploads\/2023\/04\/oilfish-hgt-hai-trieu-food-1-150x150.jpg",150,150,true],"medium":["https:\/\/www.haitrieufood.com\/wp-content\/uploads\/2023\/04\/oilfish-hgt-hai-trieu-food-1-300x225.jpg",300,225,true],"medium_large":["https:\/\/www.haitrieufood.com\/wp-content\/uploads\/2023\/04\/oilfish-hgt-hai-trieu-food-1-768x576.jpg",768,576,true],"large":["https:\/\/www.haitrieufood.com\/wp-content\/uploads\/2023\/04\/oilfish-hgt-hai-trieu-food-1.jpg",800,600,false],"1536x1536":["https:\/\/www.haitrieufood.com\/wp-content\/uploads\/2023\/04\/oilfish-hgt-hai-trieu-food-1.jpg",800,600,false],"2048x2048":["https:\/\/www.haitrieufood.com\/wp-content\/uploads\/2023\/04\/oilfish-hgt-hai-trieu-food-1.jpg",800,600,false],"trp-custom-language-flag":["https:\/\/www.haitrieufood.com\/wp-content\/uploads\/2023\/04\/oilfish-hgt-hai-trieu-food-1.jpg",16,12,false],"woocommerce_thumbnail":["https:\/\/www.haitrieufood.com\/wp-content\/uploads\/2023\/04\/oilfish-hgt-hai-trieu-food-1-300x300.jpg",300,300,true],"woocommerce_single":["https:\/\/www.haitrieufood.com\/wp-content\/uploads\/2023\/04\/oilfish-hgt-hai-trieu-food-1-600x450.jpg",600,450,true],"woocommerce_gallery_thumbnail":["https:\/\/www.haitrieufood.com\/wp-content\/uploads\/2023\/04\/oilfish-hgt-hai-trieu-food-1-100x100.jpg",100,100,true]},"uagb_author_info":{"display_name":"admin","author_link":"https:\/\/www.haitrieufood.com\/vi\/author\/"},"uagb_comment_info":0,"uagb_excerpt":"Specifications Varies based on customer requirements Size Customer Requirements Packing IQF; 3-6 kg \/ piece; 6-10 kg\/ piece; 10 kg up\/ piece; packing 1 pc\/bag; Customer Requirements. Manufacturer Hai Trieu Food CO., LTD Price Contact us","_links":{"self":[{"href":"https:\/\/www.haitrieufood.com\/vi\/wp-json\/wp\/v2\/product\/1061","targetHints":{"allow":["GET"]}}],"collection":[{"href":"https:\/\/www.haitrieufood.com\/vi\/wp-json\/wp\/v2\/product"}],"about":[{"href":"https:\/\/www.haitrieufood.com\/vi\/wp-json\/wp\/v2\/types\/product"}],"replies":[{"embeddable":true,"href":"https:\/\/www.haitrieufood.com\/vi\/wp-json\/wp\/v2\/comments?post=1061"}],"version-history":[{"count":10,"href":"https:\/\/www.haitrieufood.com\/vi\/wp-json\/wp\/v2\/product\/1061\/revisions"}],"predecessor-version":[{"id":4476,"href":"https:\/\/www.haitrieufood.com\/vi\/wp-json\/wp\/v2\/product\/1061\/revisions\/4476"}],"wp:featuredmedia":[{"embeddable":true,"href":"https:\/\/www.haitrieufood.com\/vi\/wp-json\/wp\/v2\/media\/2640"}],"wp:attachment":[{"href":"https:\/\/www.haitrieufood.com\/vi\/wp-json\/wp\/v2\/media?parent=1061"}],"wp:term":[{"taxonomy":"product_brand","embeddable":true,"href":"https:\/\/www.haitrieufood.com\/vi\/wp-json\/wp\/v2\/product_brand?post=1061"},{"taxonomy":"product_cat","embeddable":true,"href":"https:\/\/www.haitrieufood.com\/vi\/wp-json\/wp\/v2\/product_cat?post=1061"},{"taxonomy":"product_tag","embeddable":true,"href":"https:\/\/www.haitrieufood.com\/vi\/wp-json\/wp\/v2\/product_tag?post=1061"}],"curies":[{"name":"wp","href":"https:\/\/api.w.org\/{rel}","templated":true}]}}